{"id":9,"date":"2025-10-31T08:39:11","date_gmt":"2025-10-31T08:39:11","guid":{"rendered":"https:\/\/www.milleniumgamingcup.fr\/?page_id=9"},"modified":"2026-03-08T10:07:47","modified_gmt":"2026-03-08T09:07:47","slug":"lobby","status":"publish","type":"page","link":"https:\/\/www.milleniumgamingcup.fr\/","title":{"rendered":"\ud83c\udfe0Lobby\ud83c\udfe0"},"content":{"rendered":"\n<p><strong><mark style=\"background-color:rgba(0, 0, 0, 0)\" class=\"has-inline-color has-accent-color\">Nous vous souhaitons la bienvenue<\/mark><\/strong><br>L&rsquo;association Millenium Project est fi\u00e8re de mettre \u00e0 disposition le site officiel de la Millenium Gaming CUP. Vous trouverez toutes les informations sur la nouvelle MGC ainsi qu&rsquo;un historique des \u00e9ditions pr\u00e9c\u00e9dentes.<\/p>\n\n\n\n<p>Notre but et de rendre chaque nouvelle \u00e9dition encore plus incroyable. Avec de nouvelles activit\u00e9s, de nouveaux tournois et bien \u00e9videment de nouvelles surprises.<\/p>\n\n\n\n<p><strong><mark style=\"background-color:rgba(0, 0, 0, 0)\" class=\"has-inline-color has-accent-color\">Cliquez sur l&rsquo;affiche pour consulter la page d\u00e9di\u00e9e \u00e0 la MGC 2027<\/mark><\/strong><\/p>\n\n\n<div class=\"wp-block-image\">\n<figure class=\"aligncenter size-large is-resized\"><a href=\"https:\/\/www.milleniumgamingcup.fr\/index.php\/mgc-2027\/\"><img loading=\"lazy\" decoding=\"async\" width=\"1024\" height=\"819\" src=\"https:\/\/www.milleniumgamingcup.fr\/wp-content\/uploads\/2026\/03\/vickygharat-coming-soon-5383928_1920-1024x819.jpg\" alt=\"\" class=\"wp-image-668\" style=\"width:243px;height:auto\" srcset=\"https:\/\/www.milleniumgamingcup.fr\/wp-content\/uploads\/2026\/03\/vickygharat-coming-soon-5383928_1920-1024x819.jpg 1024w, https:\/\/www.milleniumgamingcup.fr\/wp-content\/uploads\/2026\/03\/vickygharat-coming-soon-5383928_1920-300x240.jpg 300w, https:\/\/www.milleniumgamingcup.fr\/wp-content\/uploads\/2026\/03\/vickygharat-coming-soon-5383928_1920-768x614.jpg 768w, https:\/\/www.milleniumgamingcup.fr\/wp-content\/uploads\/2026\/03\/vickygharat-coming-soon-5383928_1920-1536x1229.jpg 1536w, https:\/\/www.milleniumgamingcup.fr\/wp-content\/uploads\/2026\/03\/vickygharat-coming-soon-5383928_1920-465x372.jpg 465w, https:\/\/www.milleniumgamingcup.fr\/wp-content\/uploads\/2026\/03\/vickygharat-coming-soon-5383928_1920-625x500.jpg 625w, https:\/\/www.milleniumgamingcup.fr\/wp-content\/uploads\/2026\/03\/vickygharat-coming-soon-5383928_1920.jpg 1920w\" sizes=\"auto, (max-width: 1024px) 100vw, 1024px\" \/><\/a><figcaption class=\"wp-element-caption\">MGC 2027<\/figcaption><\/figure><\/div>\n\n\n<p>Cliquez <a href=\"https:\/\/www.milleniumgamingcup.fr\/index.php\/historique\/\"><strong><mark style=\"background-color:rgba(0, 0, 0, 0)\" class=\"has-inline-color has-accent-color\">ICI<\/mark><\/strong><\/a> pour consulter l&rsquo;historique des \u00e9ditions pr\u00e9c\u00e9dentes<\/p>\n\n\n\n<p>Vous trouverez \u00e9galement une zone \u00ab\u00a0\ud83d\udca1News\ud83d\udca1\u00a0\u00bb dans laquelle nous r\u00e9digerons et publierons des articles que nous avons trouv\u00e9s int\u00e9ressent. Vous pouvez vous y rendre directement en cliquant <a href=\"https:\/\/www.milleniumgamingcup.fr\/index.php\/news\/\">ICI<\/a><\/p>\n\n\n\n<p><strong><mark style=\"background-color:rgba(0, 0, 0, 0)\" class=\"has-inline-color has-accent-color\">Autres informations \/ liens utiles :<\/mark><\/strong><br>Page <a href=\"https:\/\/www.helloasso.com\/associations\/millenium-project\/adhesions\/adhesion-2025-2026\"><strong><mark style=\"background-color:rgba(0, 0, 0, 0)\" class=\"has-inline-color has-accent-color\">HelloAsso<\/mark><\/strong><\/a> directe pour prendre vos adh\u00e9sions 2025\/2026<br>Page HelloAsso d\u00e9di\u00e9 MGC (A venir)<\/p>\n\n\n\n<script>\ndocument.addEventListener('DOMContentLoaded', function() {\n    const konamiCode = [\n        \"ArrowUp\", \"ArrowUp\",\n        \"ArrowDown\", \"ArrowDown\",\n        \"ArrowLeft\", \"ArrowRight\",\n        \"ArrowLeft\", \"ArrowRight\",\n        \"b\", \"a\"\n    ];\n    let inputSequence = [];\n\n    document.addEventListener('keydown', function(e) {\n        inputSequence.push(e.key);\n        if (inputSequence.length > konamiCode.length) {\n            inputSequence.shift();\n        }\n        if (JSON.stringify(inputSequence) === JSON.stringify(konamiCode)) {\n            \/\/ \ud83d\udd17 Remplace ici par l'URL de ta page sp\u00e9ciale\n            window.location.href = \"https:\/\/www.milleniumgamingcup.fr\/index.php\/easter-egg-konami-code\/\";\n        }\n    });\n});\n<\/script>\n","protected":false},"excerpt":{"rendered":"<p>Nous vous souhaitons la bienvenueL&rsquo;association Millenium Project est fi\u00e8re de mettre \u00e0 disposition le site officiel de la Millenium Gaming CUP. Vous trouverez toutes les informations sur la nouvelle MGC ainsi qu&rsquo;un historique des \u00e9ditions pr\u00e9c\u00e9dentes. Notre but et de rendre chaque nouvelle \u00e9dition encore plus incroyable. Avec de nouvelles<span class=\"more-link\"><a href=\"https:\/\/www.milleniumgamingcup.fr\/\">Continue Reading<\/a><\/span><\/p>\n","protected":false},"author":1,"featured_media":0,"parent":0,"menu_order":0,"comment_status":"closed","ping_status":"closed","template":"","meta":{"footnotes":""},"class_list":["entry","author-grostony","post-9","page","type-page","status-publish"],"_links":{"self":[{"href":"https:\/\/www.milleniumgamingcup.fr\/index.php\/wp-json\/wp\/v2\/pages\/9","targetHints":{"allow":["GET"]}}],"collection":[{"href":"https:\/\/www.milleniumgamingcup.fr\/index.php\/wp-json\/wp\/v2\/pages"}],"about":[{"href":"https:\/\/www.milleniumgamingcup.fr\/index.php\/wp-json\/wp\/v2\/types\/page"}],"author":[{"embeddable":true,"href":"https:\/\/www.milleniumgamingcup.fr\/index.php\/wp-json\/wp\/v2\/users\/1"}],"replies":[{"embeddable":true,"href":"https:\/\/www.milleniumgamingcup.fr\/index.php\/wp-json\/wp\/v2\/comments?post=9"}],"version-history":[{"count":40,"href":"https:\/\/www.milleniumgamingcup.fr\/index.php\/wp-json\/wp\/v2\/pages\/9\/revisions"}],"predecessor-version":[{"id":672,"href":"https:\/\/www.milleniumgamingcup.fr\/index.php\/wp-json\/wp\/v2\/pages\/9\/revisions\/672"}],"wp:attachment":[{"href":"https:\/\/www.milleniumgamingcup.fr\/index.php\/wp-json\/wp\/v2\/media?parent=9"}],"curies":[{"name":"wp","href":"https:\/\/api.w.org\/{rel}","templated":true}]}}