{"id":530,"date":"2025-12-21T11:57:43","date_gmt":"2025-12-21T10:57:43","guid":{"rendered":"https:\/\/www.milleniumgamingcup.fr\/?page_id=530"},"modified":"2025-12-24T18:25:08","modified_gmt":"2025-12-24T17:25:08","slug":"nos-jeux-web","status":"publish","type":"page","link":"https:\/\/www.milleniumgamingcup.fr\/index.php\/nos-jeux-web\/","title":{"rendered":"\ud83d\udc7eNos jeux web\ud83d\udc7e"},"content":{"rendered":"\n<p>Il vous sera n\u00e9cessaire de cr\u00e9er un compte, avec un pseudonyme et un mot de passe, pour chacun des jeux.<br>Sur chacun d\u2019entre eux, depuis la page de votre profil utilisateur, vous aurez la possibilit\u00e9 de supprimer d\u00e9finitivement votre compte.<br>De notre c\u00f4t\u00e9, les sauvegardes ne conservent aucune donn\u00e9e issue de la base utilisateurs de chaque jeu. Dans tous les cas, ces informations sont chiffr\u00e9es en base de donn\u00e9es.<\/p>\n\n\n\n<p><strong><mark style=\"background-color:rgba(0, 0, 0, 0)\" class=\"has-inline-color has-accent-color\">S\u00e9lectionnez dans la liste ci-dessous un jeu. Inscrivez vous si n\u00e9cessaire et profitez bien.<\/mark><\/strong><br><\/p>\n\n\n<div class=\"wp-block-image\">\n<figure class=\"alignleft size-full\"><a href=\"https:\/\/www.milleniumgamingcup.fr\/pendu\/login.php\"><img loading=\"lazy\" decoding=\"async\" width=\"200\" height=\"200\" src=\"https:\/\/www.milleniumgamingcup.fr\/wp-content\/uploads\/2025\/12\/pendu-1.png\" alt=\"Jeu de Pendu\" class=\"wp-image-556\" title=\"Jeu de Pendu\" srcset=\"https:\/\/www.milleniumgamingcup.fr\/wp-content\/uploads\/2025\/12\/pendu-1.png 200w, https:\/\/www.milleniumgamingcup.fr\/wp-content\/uploads\/2025\/12\/pendu-1-150x150.png 150w\" sizes=\"auto, (max-width: 200px) 100vw, 200px\" \/><\/a><\/figure><\/div>\n\n<div class=\"wp-block-image\">\n<figure class=\"alignleft size-full\"><a href=\"https:\/\/www.milleniumgamingcup.fr\/quiz-app\/login.php\"><img loading=\"lazy\" decoding=\"async\" width=\"200\" height=\"200\" src=\"https:\/\/www.milleniumgamingcup.fr\/wp-content\/uploads\/2025\/12\/quiz.png\" alt=\"\" class=\"wp-image-557\" title=\"Nos Quiz\" srcset=\"https:\/\/www.milleniumgamingcup.fr\/wp-content\/uploads\/2025\/12\/quiz.png 200w, https:\/\/www.milleniumgamingcup.fr\/wp-content\/uploads\/2025\/12\/quiz-150x150.png 150w\" sizes=\"auto, (max-width: 200px) 100vw, 200px\" \/><\/a><\/figure><\/div>\n\n<div class=\"wp-block-image\">\n<figure class=\"alignleft size-full\"><a href=\"https:\/\/www.milleniumgamingcup.fr\/serpent\/\"><img loading=\"lazy\" decoding=\"async\" width=\"200\" height=\"200\" src=\"https:\/\/www.milleniumgamingcup.fr\/wp-content\/uploads\/2025\/12\/snake.png\" alt=\"\" class=\"wp-image-558\" title=\"Jeu du Snake\" srcset=\"https:\/\/www.milleniumgamingcup.fr\/wp-content\/uploads\/2025\/12\/snake.png 200w, https:\/\/www.milleniumgamingcup.fr\/wp-content\/uploads\/2025\/12\/snake-150x150.png 150w\" sizes=\"auto, (max-width: 200px) 100vw, 200px\" \/><\/a><\/figure><\/div>\n\n<div class=\"wp-block-image\">\n<figure class=\"alignleft size-full\"><a href=\"https:\/\/www.milleniumgamingcup.fr\/tictactoe\/\"><img loading=\"lazy\" decoding=\"async\" width=\"200\" height=\"200\" src=\"https:\/\/www.milleniumgamingcup.fr\/wp-content\/uploads\/2025\/12\/tictactoe.png\" alt=\"\" class=\"wp-image-559\" title=\"Jeu de morpion\" srcset=\"https:\/\/www.milleniumgamingcup.fr\/wp-content\/uploads\/2025\/12\/tictactoe.png 200w, https:\/\/www.milleniumgamingcup.fr\/wp-content\/uploads\/2025\/12\/tictactoe-150x150.png 150w\" sizes=\"auto, (max-width: 200px) 100vw, 200px\" \/><\/a><\/figure><\/div>","protected":false},"excerpt":{"rendered":"<p>Il vous sera n\u00e9cessaire de cr\u00e9er un compte, avec un pseudonyme et un mot de passe, pour chacun des jeux.Sur chacun d\u2019entre eux, depuis la page de votre profil utilisateur, vous aurez la possibilit\u00e9 de supprimer d\u00e9finitivement votre compte.De notre c\u00f4t\u00e9, les sauvegardes ne conservent aucune donn\u00e9e issue de la<span class=\"more-link\"><a href=\"https:\/\/www.milleniumgamingcup.fr\/index.php\/nos-jeux-web\/\">Continue Reading<\/a><\/span><\/p>\n","protected":false},"author":1,"featured_media":0,"parent":0,"menu_order":0,"comment_status":"closed","ping_status":"closed","template":"","meta":{"footnotes":""},"class_list":["entry","author-grostony","post-530","page","type-page","status-publish"],"_links":{"self":[{"href":"https:\/\/www.milleniumgamingcup.fr\/index.php\/wp-json\/wp\/v2\/pages\/530","targetHints":{"allow":["GET"]}}],"collection":[{"href":"https:\/\/www.milleniumgamingcup.fr\/index.php\/wp-json\/wp\/v2\/pages"}],"about":[{"href":"https:\/\/www.milleniumgamingcup.fr\/index.php\/wp-json\/wp\/v2\/types\/page"}],"author":[{"embeddable":true,"href":"https:\/\/www.milleniumgamingcup.fr\/index.php\/wp-json\/wp\/v2\/users\/1"}],"replies":[{"embeddable":true,"href":"https:\/\/www.milleniumgamingcup.fr\/index.php\/wp-json\/wp\/v2\/comments?post=530"}],"version-history":[{"count":27,"href":"https:\/\/www.milleniumgamingcup.fr\/index.php\/wp-json\/wp\/v2\/pages\/530\/revisions"}],"predecessor-version":[{"id":566,"href":"https:\/\/www.milleniumgamingcup.fr\/index.php\/wp-json\/wp\/v2\/pages\/530\/revisions\/566"}],"wp:attachment":[{"href":"https:\/\/www.milleniumgamingcup.fr\/index.php\/wp-json\/wp\/v2\/media?parent=530"}],"curies":[{"name":"wp","href":"https:\/\/api.w.org\/{rel}","templated":true}]}}