{"id":218,"date":"2025-11-06T20:23:14","date_gmt":"2025-11-06T19:23:14","guid":{"rendered":"https:\/\/www.milleniumgamingcup.fr\/?page_id=218"},"modified":"2025-11-17T18:33:43","modified_gmt":"2025-11-17T17:33:43","slug":"easter-egg-konami-code","status":"publish","type":"page","link":"https:\/\/www.milleniumgamingcup.fr\/index.php\/easter-egg-konami-code\/","title":{"rendered":"Easter egg Konami code"},"content":{"rendered":"\n<p><strong><mark style=\"background-color:rgba(0, 0, 0, 0)\" class=\"has-inline-color has-accent-color\">Tout commence dans les ann\u00e9es 80\u2026<\/mark><\/strong><\/p>\n\n\n<div class=\"wp-block-image\">\n<figure class=\"alignleft size-full is-resized\"><img loading=\"lazy\" decoding=\"async\" width=\"690\" height=\"881\" src=\"https:\/\/www.milleniumgamingcup.fr\/wp-content\/uploads\/2025\/11\/latest-3225427224-1.jpg\" alt=\"\" class=\"wp-image-223\" style=\"width:125px;height:auto\" srcset=\"https:\/\/www.milleniumgamingcup.fr\/wp-content\/uploads\/2025\/11\/latest-3225427224-1.jpg 690w, https:\/\/www.milleniumgamingcup.fr\/wp-content\/uploads\/2025\/11\/latest-3225427224-1-235x300.jpg 235w, https:\/\/www.milleniumgamingcup.fr\/wp-content\/uploads\/2025\/11\/latest-3225427224-1-431x550.jpg 431w, https:\/\/www.milleniumgamingcup.fr\/wp-content\/uploads\/2025\/11\/latest-3225427224-1-392x500.jpg 392w\" sizes=\"auto, (max-width: 690px) 100vw, 690px\" \/><\/figure><\/div>\n\n\n<p><br>On est en 1986, au Japon.<br>Un d\u00e9veloppeur nomm\u00e9 Kazuhisa Hashimoto bosse chez Konami sur la version NES de Gradius, un shoot\u2019em up bien costaud.<br>Le souci ? Le jeu est tellement difficile que m\u00eame lui, le pauvre Hashimoto, n\u2019arrive pas \u00e0 le tester correctement !<br>Alors pour \u00e9viter de se faire exploser en boucle pendant les tests, il se bricole un petit code secret de triche, une sorte de raccourci magique pour obtenir tous les bonus d\u2019un coup.<\/p>\n\n\n\n<figure class=\"wp-block-video aligncenter\"><video controls autoplay muted src=\"https:\/\/www.milleniumgamingcup.fr\/wp-content\/uploads\/2025\/11\/Gradius-Konami-1986-NES.mp4\" style=\"max-width:400px;width:100%;height:auto;\"><\/video><\/figure>\n\n\n\n<p><br><strong><mark style=\"background-color:rgba(0, 0, 0, 0)\" class=\"has-inline-color has-accent-color\">Le code mythique<\/mark><\/strong><br>Et c\u2019est l\u00e0 qu\u2019il invente ce combo qu\u2019on conna\u00eet tous :<br>\u2191 \u2191 \u2193 \u2193 \u2190 \u2192 \u2190 \u2192 B A<br>Ce code, il l\u2019a mis juste pour lui, histoire de faciliter ses tests.<br>Mais voil\u00e0 : le bougre a oubli\u00e9 de le retirer avant la sortie du jeu !<br>Et hop, le monde entier d\u00e9couvre ce petit cheat cach\u00e9 par hasard.<br>Comme quoi, parfois, un oubli peut devenir une l\u00e9gende.<br><strong><mark style=\"background-color:rgba(0, 0, 0, 0)\" class=\"has-inline-color has-accent-color\">Le code devient culte<\/mark><\/strong><br>Konami, voyant que les joueurs adorent, commence \u00e0 le r\u00e9utiliser dans plein d\u2019autres jeux :<br>Contra (o\u00f9 il donnait 30 vies direct \u2014 la cons\u00e9cration !),<br>Castlevania, Teenage Mutant Ninja Turtles, Metal Gear, et j\u2019en passe\u2026<br>Et l\u00e0, c\u2019est parti : le code devient un symbole universel du gamer malin.<br>Un genre de poign\u00e9e de main secr\u00e8te entre initi\u00e9s, tu vois ?<br>M\u00eame Google, Facebook, Fortnite, Netflix ou encore des sites web l\u2019ont int\u00e9gr\u00e9 comme easter egg pour les curieux.<br><strong><mark style=\"background-color:rgba(0, 0, 0, 0)\" class=\"has-inline-color has-accent-color\">H\u00e9ritage<\/mark><\/strong><br>Le Konami Code, c\u2019est un peu comme la pastis du jeu vid\u00e9o : un truc qu\u2019on ressort toujours avec le sourire, pour les connaisseurs.<br>C\u2019est devenu une r\u00e9f\u00e9rence culturelle, un clin d\u2019\u0153il, un hommage au fun et \u00e0 la cr\u00e9ativit\u00e9 des d\u00e9buts du gaming.<br>Et Hashimoto, le papa du code, il est parti en 2020\u2026<br>Mais son \u0153uvre, elle, continue de vivre dans nos doigts chaque fois qu\u2019on s\u2019amuse \u00e0 faire haut, haut, bas, bas, gauche, droite, gauche, droite, B, A. \ud83d\udcaa<\/p>\n\n\n<div class=\"wp-block-image\">\n<figure class=\"aligncenter size-large is-resized\"><img loading=\"lazy\" decoding=\"async\" width=\"1024\" height=\"576\" src=\"https:\/\/www.milleniumgamingcup.fr\/wp-content\/uploads\/2025\/11\/Kazuhisa-Hashimoto-840326761-1024x576.jpg\" alt=\"\" class=\"wp-image-224\" style=\"width:446px;height:auto\" srcset=\"https:\/\/www.milleniumgamingcup.fr\/wp-content\/uploads\/2025\/11\/Kazuhisa-Hashimoto-840326761-1024x576.jpg 1024w, https:\/\/www.milleniumgamingcup.fr\/wp-content\/uploads\/2025\/11\/Kazuhisa-Hashimoto-840326761-300x169.jpg 300w, https:\/\/www.milleniumgamingcup.fr\/wp-content\/uploads\/2025\/11\/Kazuhisa-Hashimoto-840326761-768x432.jpg 768w, https:\/\/www.milleniumgamingcup.fr\/wp-content\/uploads\/2025\/11\/Kazuhisa-Hashimoto-840326761-465x262.jpg 465w, https:\/\/www.milleniumgamingcup.fr\/wp-content\/uploads\/2025\/11\/Kazuhisa-Hashimoto-840326761-695x391.jpg 695w, https:\/\/www.milleniumgamingcup.fr\/wp-content\/uploads\/2025\/11\/Kazuhisa-Hashimoto-840326761.jpg 1200w\" sizes=\"auto, (max-width: 1024px) 100vw, 1024px\" \/><\/figure><\/div>","protected":false},"excerpt":{"rendered":"<p>Tout commence dans les ann\u00e9es 80\u2026 On est en 1986, au Japon.Un d\u00e9veloppeur nomm\u00e9 Kazuhisa Hashimoto bosse chez Konami sur la version NES de Gradius, un shoot\u2019em up bien costaud.Le souci ? Le jeu est tellement difficile que m\u00eame lui, le pauvre Hashimoto, n\u2019arrive pas \u00e0 le tester correctement !Alors<span class=\"more-link\"><a href=\"https:\/\/www.milleniumgamingcup.fr\/index.php\/easter-egg-konami-code\/\">Continue Reading<\/a><\/span><\/p>\n","protected":false},"author":1,"featured_media":0,"parent":0,"menu_order":0,"comment_status":"closed","ping_status":"closed","template":"","meta":{"footnotes":""},"class_list":["entry","author-grostony","post-218","page","type-page","status-publish"],"_links":{"self":[{"href":"https:\/\/www.milleniumgamingcup.fr\/index.php\/wp-json\/wp\/v2\/pages\/218","targetHints":{"allow":["GET"]}}],"collection":[{"href":"https:\/\/www.milleniumgamingcup.fr\/index.php\/wp-json\/wp\/v2\/pages"}],"about":[{"href":"https:\/\/www.milleniumgamingcup.fr\/index.php\/wp-json\/wp\/v2\/types\/page"}],"author":[{"embeddable":true,"href":"https:\/\/www.milleniumgamingcup.fr\/index.php\/wp-json\/wp\/v2\/users\/1"}],"replies":[{"embeddable":true,"href":"https:\/\/www.milleniumgamingcup.fr\/index.php\/wp-json\/wp\/v2\/comments?post=218"}],"version-history":[{"count":13,"href":"https:\/\/www.milleniumgamingcup.fr\/index.php\/wp-json\/wp\/v2\/pages\/218\/revisions"}],"predecessor-version":[{"id":259,"href":"https:\/\/www.milleniumgamingcup.fr\/index.php\/wp-json\/wp\/v2\/pages\/218\/revisions\/259"}],"wp:attachment":[{"href":"https:\/\/www.milleniumgamingcup.fr\/index.php\/wp-json\/wp\/v2\/media?parent=218"}],"curies":[{"name":"wp","href":"https:\/\/api.w.org\/{rel}","templated":true}]}}