{"id":152,"date":"2025-11-04T21:36:24","date_gmt":"2025-11-04T20:36:24","guid":{"rendered":"https:\/\/www.milleniumgamingcup.fr\/?page_id=152"},"modified":"2025-11-04T21:53:52","modified_gmt":"2025-11-04T20:53:52","slug":"balance-ton-avis","status":"publish","type":"page","link":"https:\/\/www.milleniumgamingcup.fr\/index.php\/balance-ton-avis\/","title":{"rendered":"\ud83d\udde8\ufe0fBalance ton avis !\ud83d\udde8\ufe0f"},"content":{"rendered":"\n<p>Partage ton exp\u00e9rience dans notre livre d\u2019or.<br>&#8211; Clique sur le bouton ci-dessous \u00ab\u00a0WRITE A NEW ENTRY\u00a0\u00bb.<br>&#8211; Entre ton pseudo<br>&#8211; Ecris ton message<br>&#8211; Clique sur le bouton \u00ab\u00a0SUBMIT\u00a0\u00bb pour envoyer ton message<\/p>\n\n\n<div class=\"gwolle-gb\"><div class=\"gwolle_gb_messages_top_container\"><\/div>\n\t\t\t<div class=\"gwolle-gb-write-button\">\n\t\t\t\t<input type=\"button\" name=\"gwolle-gb-write-button\" class=\"button btn btn-default \" value=\"Write a new entry.\" \/>\n\t\t\t<\/div>\n\t\t\t<form action=\"#\" method=\"POST\" class=\"gwolle-gb-write gwolle-gb-hide gwolle-gb-float gwolle_gb_form_ajax gwolle-gb-form-ajax gwolle-gb-ajax gwolle-gb-not-logged-in\">\n\t\t\t\t<h3>A toi de jouer !<\/h3>\n\t\t\t\t<button type=\"button\" class=\"gb-notice-dismiss\">x<span class=\"screen-reader-text\">Hide this form.<\/span><\/button>\n\t\t\t\n\t\t\t\t<input type=\"hidden\" name=\"gwolle_gb_function\" class=\"gwolle_gb_function\" value=\"add_entry\" \/><input type=\"hidden\" name=\"gwolle_gb_book_id\" class=\"gwolle_gb_book_id\" value=\"1\" \/><div class=\"gwolle_gb_9355045c9d363df1068fd347a59d656f\">\n\t\t\t\t<div class=\"label\"><label for=\"gwolle_gb_9355045c9d363df1068fd347a59d656f-1\" class=\"text-info\">Name <span class=\"required\">*<\/span><\/label><\/div>\n\t\t\t\t<div class=\"input\"><input class=\"wp-exclude-emoji gwolle_gb_9355045c9d363df1068fd347a59d656f\" value=\"\" type=\"text\" id=\"gwolle_gb_9355045c9d363df1068fd347a59d656f-1\" name=\"gwolle_gb_9355045c9d363df1068fd347a59d656f\" required \/><\/div>\n\t\t\t\t<div class=\"clearBoth\">&nbsp;<\/div>\n\t\t\t<\/div>\n\t\t\t<div class=\"gwolle_gb_625f99d26ee5388f2c73aaf7198f936a\" style=\"display:none;overflow:hidden;\" hidden=\"true\" aria-hidden=\"true\">\n\t\t\t\t<div class=\"label\">\n\t\t\t\t\t<label for=\"gwolle_gb_625f99d26ee5388f2c73aaf7198f936a-1\" class=\"text-primary\">Do not touch this<\/label>\n\t\t\t\t\t<label for=\"gwolle_gb_ead49d872e96f172e18b55fea97cf812-1\" class=\"text-primary\">Do not touch this<\/label>\n\t\t\t\t<\/div>\n\t\t\t\t<div class=\"input\">\n\t\t\t\t\t<input value=\"21\" type=\"text\" id=\"gwolle_gb_625f99d26ee5388f2c73aaf7198f936a-1\" name=\"gwolle_gb_625f99d26ee5388f2c73aaf7198f936a\" class=\"gwolle_gb_625f99d26ee5388f2c73aaf7198f936a\" style=\"transform: translateY(10000px);\" \/>\n\t\t\t\t\t<input value=\"\" type=\"text\" name=\"gwolle_gb_ead49d872e96f172e18b55fea97cf812\" id=\"gwolle_gb_ead49d872e96f172e18b55fea97cf812-1\" class=\"gwolle_gb_ead49d872e96f172e18b55fea97cf812\" style=\"transform: translateY(10000px);\" \/>\n\t\t\t\t<\/div>\n\t\t\t\t<div class=\"clearBoth\"><\/div>\n\t\t\t<\/div>\n\t\t\t<div class=\"gwolle_gb_d3f34f6949caccbe29d259a7f7e6b0b5\" style=\"display:none;overflow:hidden;\" hidden=\"true\" aria-hidden=\"true\">\n\t\t\t\t<div class=\"label\">\n\t\t\t\t\t<label for=\"gwolle_gb_d3f34f6949caccbe29d259a7f7e6b0b5-1\" class=\"text-primary\">Do not touch this<\/label>\n\t\t\t\t\t<label for=\"gwolle_gb_7c6c4a3591d8aee5672fa612d116d45c-1\" class=\"text-primary\">Do not touch this<\/label>\n\t\t\t\t<\/div>\n\t\t\t\t<div class=\"input\">\n\t\t\t\t\t<input value=\"76776\" type=\"text\" id=\"gwolle_gb_d3f34f6949caccbe29d259a7f7e6b0b5-1\" name=\"gwolle_gb_d3f34f6949caccbe29d259a7f7e6b0b5\" class=\"gwolle_gb_d3f34f6949caccbe29d259a7f7e6b0b5\" style=\"transform: translateY(10000px);\" \/>\n\t\t\t\t\t<input value=\"76776\" type=\"text\"id=\"gwolle_gb_7c6c4a3591d8aee5672fa612d116d45c-1\" name=\"gwolle_gb_7c6c4a3591d8aee5672fa612d116d45c\" class=\"gwolle_gb_7c6c4a3591d8aee5672fa612d116d45c\" style=\"transform: translateY(10000px);\" \/>\n\t\t\t\t<\/div>\n\t\t\t\t<div class=\"clearBoth\"><\/div>\n\t\t\t<\/div><div class=\"gwolle_gb_content\">\n\t\t\t\t<div class=\"label\"><label for=\"gwolle_gb_content-1\" class=\"text-info\">Guestbook entry <span class=\"required\">*<\/span><\/label><\/div>\n\t\t\t\t<div class=\"input\"><textarea id=\"gwolle_gb_content-1\" name=\"gwolle_gb_content\" class=\"gwolle_gb_content wp-exclude-emoji\" required ><\/textarea><\/div>\n\t\t\t\t\t<div class=\"clearBoth\">&nbsp;<\/div>\n\t\t\t\t<\/div><input type=\"hidden\" class=\"gwolle_gb_ed2722525177d4a9524e8e6acda93c1c\" id=\"gwolle_gb_ed2722525177d4a9524e8e6acda93c1c-1\" name=\"gwolle_gb_ed2722525177d4a9524e8e6acda93c1c\" value=\"3ae99ce307\" \/>\n\t\t\t<div class=\"gwolle_gb_messages_bottom_container\"><\/div>\n\n\t\t\t<noscript><div class=\"no-js\">Warning: This form can only be used if JavaScript is enabled in your browser.<\/div><\/noscript>\n\n\t\t\t<div class=\"gwolle_gb_submit\">\n\t\t\t\t<div class=\"label gwolle-gb-invisible text-muted\">&nbsp;<\/div>\n\t\t\t\t<div class=\"input\">\n\t\t\t\t\t<input type=\"submit\" name=\"gwolle_gb_submit\" class=\"gwolle_gb_submit button btn btn-primary \" value=\"Submit\" \/>\n\t\t\t\t\t<span class=\"gwolle_gb_submit_ajax_icon\"><\/span>\n\t\t\t\n\t\t\t\t<\/div>\n\t\t\t\t<div class=\"clearBoth\">&nbsp;<\/div>\n\t\t\t<\/div>\n\n\t\t\t<div class=\"gwolle_gb_notice\">\n\t\t\t\tTon avis compte, qu\u2019il soit positif ou non. Chaque ann\u00e9e, nous faisons tout notre possible pour nous am\u00e9liorer.<br \/>\r\nGr\u00e2ce \u00e0 vos messages, nous pouvons faire de ce rendez-vous, l&#039;\u00e9v\u00e8nement qui te ressemble.\n\t\t\t<\/div><\/form><div class=\"gwolle-gb-read gwolle-gb-ajax gwolle-gb-entries-list\" data-book_id=\"1\">(no entries yet)<\/div><\/div>\n","protected":false},"excerpt":{"rendered":"<p>Partage ton exp\u00e9rience dans notre livre d\u2019or.&#8211; Clique sur le bouton ci-dessous \u00ab\u00a0WRITE A NEW ENTRY\u00a0\u00bb.&#8211; Entre ton pseudo&#8211; Ecris ton message&#8211; Clique sur le bouton \u00ab\u00a0SUBMIT\u00a0\u00bb pour envoyer ton message<span class=\"more-link\"><a href=\"https:\/\/www.milleniumgamingcup.fr\/index.php\/balance-ton-avis\/\">Continue Reading<\/a><\/span><\/p>\n","protected":false},"author":1,"featured_media":0,"parent":0,"menu_order":0,"comment_status":"closed","ping_status":"closed","template":"","meta":{"footnotes":""},"class_list":["entry","author-grostony","post-152","page","type-page","status-publish"],"_links":{"self":[{"href":"https:\/\/www.milleniumgamingcup.fr\/index.php\/wp-json\/wp\/v2\/pages\/152","targetHints":{"allow":["GET"]}}],"collection":[{"href":"https:\/\/www.milleniumgamingcup.fr\/index.php\/wp-json\/wp\/v2\/pages"}],"about":[{"href":"https:\/\/www.milleniumgamingcup.fr\/index.php\/wp-json\/wp\/v2\/types\/page"}],"author":[{"embeddable":true,"href":"https:\/\/www.milleniumgamingcup.fr\/index.php\/wp-json\/wp\/v2\/users\/1"}],"replies":[{"embeddable":true,"href":"https:\/\/www.milleniumgamingcup.fr\/index.php\/wp-json\/wp\/v2\/comments?post=152"}],"version-history":[{"count":9,"href":"https:\/\/www.milleniumgamingcup.fr\/index.php\/wp-json\/wp\/v2\/pages\/152\/revisions"}],"predecessor-version":[{"id":163,"href":"https:\/\/www.milleniumgamingcup.fr\/index.php\/wp-json\/wp\/v2\/pages\/152\/revisions\/163"}],"wp:attachment":[{"href":"https:\/\/www.milleniumgamingcup.fr\/index.php\/wp-json\/wp\/v2\/media?parent=152"}],"curies":[{"name":"wp","href":"https:\/\/api.w.org\/{rel}","templated":true}]}}